{"id":29,"date":"2021-07-27T05:40:38","date_gmt":"2021-07-27T05:40:38","guid":{"rendered":"http:\/\/www.pirtticonsulting.fi\/?page_id=29"},"modified":"2022-01-27T19:03:20","modified_gmt":"2022-01-27T19:03:20","slug":"yhteystiedot","status":"publish","type":"page","link":"https:\/\/www.pirtticonsulting.fi\/index.php\/yhteystiedot\/","title":{"rendered":"Yhteystiedot"},"content":{"rendered":"\n<p class=\"has-black-color has-text-color\">Toimistomme palvelee ainoastaan t\u00e4ysin s\u00e4hk\u00f6isi\u00e4 kanavia k\u00e4ytt\u00e4en, <\/p>\n\n\n\n<p class=\"has-black-color has-text-color\">puhelimitse voit tavoitella arkisin 16-20. <\/p>\n\n\n\n<p class=\"has-black-color has-text-color\">Voitte j\u00e4tt\u00e4\u00e4 tarvittaessa soittopyynn\u00f6n tekstiviestitse\/Whatsappilla tai s\u00e4hk\u00f6postitse ja soitamme t\u00e4ll\u00f6in takaisin toivomaanne aikaan tai mahdollisimman pian.<\/p>\n\n\n\n<p class=\"has-black-color has-text-color\">p.0405182715<\/p>\n\n\n\n<p class=\"has-black-color has-text-color\">email: info(a)pirtticonsulting.fi<\/p>\n","protected":false},"excerpt":{"rendered":"<p>Toimistomme palvelee ainoastaan t\u00e4ysin s\u00e4hk\u00f6isi\u00e4 kanavia k\u00e4ytt\u00e4en, puhelimitse voit tavoitella arkisin 16-20. Voitte j\u00e4tt\u00e4\u00e4 tarvittaessa soittopyynn\u00f6n tekstiviestitse\/Whatsappilla tai s\u00e4hk\u00f6postitse ja &hellip; <\/p>\n","protected":false},"author":1,"featured_media":0,"parent":0,"menu_order":0,"comment_status":"closed","ping_status":"closed","template":"","meta":[],"_links":{"self":[{"href":"https:\/\/www.pirtticonsulting.fi\/index.php\/wp-json\/wp\/v2\/pages\/29"}],"collection":[{"href":"https:\/\/www.pirtticonsulting.fi\/index.php\/wp-json\/wp\/v2\/pages"}],"about":[{"href":"https:\/\/www.pirtticonsulting.fi\/index.php\/wp-json\/wp\/v2\/types\/page"}],"author":[{"embeddable":true,"href":"https:\/\/www.pirtticonsulting.fi\/index.php\/wp-json\/wp\/v2\/users\/1"}],"replies":[{"embeddable":true,"href":"https:\/\/www.pirtticonsulting.fi\/index.php\/wp-json\/wp\/v2\/comments?post=29"}],"version-history":[{"count":4,"href":"https:\/\/www.pirtticonsulting.fi\/index.php\/wp-json\/wp\/v2\/pages\/29\/revisions"}],"predecessor-version":[{"id":80,"href":"https:\/\/www.pirtticonsulting.fi\/index.php\/wp-json\/wp\/v2\/pages\/29\/revisions\/80"}],"wp:attachment":[{"href":"https:\/\/www.pirtticonsulting.fi\/index.php\/wp-json\/wp\/v2\/media?parent=29"}],"curies":[{"name":"wp","href":"https:\/\/api.w.org\/{rel}","templated":true}]}}